{"id":17066,"date":"2025-10-02T15:42:16","date_gmt":"2025-10-02T15:42:16","guid":{"rendered":"https:\/\/www.cataa.pt\/?page_id=17066"},"modified":"2025-10-10T14:00:55","modified_gmt":"2025-10-10T14:00:55","slug":"oakoffee","status":"publish","type":"page","link":"https:\/\/www.cataa.pt\/?page_id=17066","title":{"rendered":"Oakoffee"},"content":{"rendered":"\t\t<div data-elementor-type=\"wp-page\" data-elementor-id=\"17066\" class=\"elementor elementor-17066\" data-elementor-post-type=\"page\">\n\t\t\t\t<div class=\"elementor-element elementor-element-e0a7fbf e-con-full e-flex e-con e-parent\" data-id=\"e0a7fbf\" data-element_type=\"container\" data-e-type=\"container\">\n\t\t<div class=\"elementor-element elementor-element-58fbc66 e-con-full e-flex e-con e-child\" data-id=\"58fbc66\" data-element_type=\"container\" data-e-type=\"container\">\n\t\t\t\t<div class=\"elementor-element elementor-element-543c4cf elementor-widget elementor-widget-text-editor\" data-id=\"543c4cf\" data-element_type=\"widget\" data-e-type=\"widget\" data-widget_type=\"text-editor.default\">\n\t\t\t\t<div class=\"elementor-widget-container\">\n\t\t\t\t\t\t\t\t\t<h5><strong>EM CURSO<\/strong><\/h5><p><strong>Codigo do projeto<\/strong>: PL24-00153<\/p><p><strong>Regi\u00e3o de interven\u00e7\u00e3o:\u00a0<\/strong>Centro\u00a0<strong>\u00a0<\/strong>\u00a0<\/p><p><strong>Entidades benefici\u00e1rias:<\/strong> CATAA \u2013 Associa\u00e7\u00e3o Centro de Apoio Tecnol\u00f3gico Agro-Alimentar de Castelo Branco, Landratech Lda<\/p><p><strong>Data de in\u00edcio:\u00a0<\/strong>01\/08\/2024<\/p><p><strong>Data de conclus\u00e3o:\u00a0<\/strong>01\/08\/2027<\/p><p><strong>Investimento CATAA:\u00a0<\/strong>50 000.00 \u20ac<\/p><p><strong>Investimento Total:<\/strong>\u00a0199 986.67 \u20ac<\/p><p><strong>Apoio financeiro da <\/strong><a href=\"https:\/\/fundacaolacaixa.pt\/pt\/home\"><strong>Funda\u00e7\u00e3o &#8220;la Caixa&#8221;<\/strong><\/a><strong>\u00a0e\u00a0<\/strong><a href=\"https:\/\/www.fct.pt\/internacional\/goportugal\/fundacao-la-caixa-iniciativas-ibericas-de-investigacao-e-inovacao\/\"><strong>FCT<\/strong><\/a><strong>:<\/strong> 149\u00a0990.00\u20ac<\/p>\t\t\t\t\t\t\t\t<\/div>\n\t\t\t\t<\/div>\n\t\t\t\t<\/div>\n\t\t<div class=\"elementor-element elementor-element-d4b834d e-con-full e-flex e-con e-child\" data-id=\"d4b834d\" data-element_type=\"container\" data-e-type=\"container\">\n\t\t\t\t<div class=\"elementor-element elementor-element-068beba elementor-widget elementor-widget-text-editor\" data-id=\"068beba\" data-element_type=\"widget\" data-e-type=\"widget\" data-widget_type=\"text-editor.default\">\n\t\t\t\t<div class=\"elementor-widget-container\">\n\t\t\t\t\t\t\t\t\t<p>cofinanciado por:<br \/><img decoding=\"async\" class=\"alignnone  wp-image-17206\" src=\"http:\/\/www.cataa.pt\/wp-content\/uploads\/2025\/10\/fundacao_la_caixa_logo-300x42.png\" alt=\"\" width=\"180\" height=\"25\" \/><\/p>\t\t\t\t\t\t\t\t<\/div>\n\t\t\t\t<\/div>\n\t\t\t\t<div class=\"elementor-element elementor-element-b258818 elementor-widget__width-auto elementor-widget elementor-widget-heading\" data-id=\"b258818\" data-element_type=\"widget\" data-e-type=\"widget\" data-widget_type=\"heading.default\">\n\t\t\t\t<div class=\"elementor-widget-container\">\n\t\t\t\t\t<h2 class=\"elementor-heading-title elementor-size-default\"><span style=\"font-size: 19px\">Oakoffee:  <\/span><span style=\"font-size: 19px\">Suced\u00e2neos de Caf\u00e9 de Bolota: Bioeconomia Sustent\u00e1vel para a Dinamiza\u00e7\u00e3o do Montado<\/span><\/h2>\t\t\t\t<\/div>\n\t\t\t\t<\/div>\n\t\t\t\t<div class=\"elementor-element elementor-element-1b2cdcc elementor-widget elementor-widget-text-editor\" data-id=\"1b2cdcc\" data-element_type=\"widget\" data-e-type=\"widget\" data-widget_type=\"text-editor.default\">\n\t\t\t\t<div class=\"elementor-widget-container\">\n\t\t\t\t\t\t\t\t\t<p>\u00a0<\/p><p>O projeto Oakoffee pretende valorizar a bolota do montado, florestas antropog\u00e9nicas end\u00e9micas da regi\u00e3o mediterr\u00e2nica da pen\u00ednsula Ib\u00e9rica, para a produ\u00e7\u00e3o de suced\u00e2neos de caf\u00e9. Os montados s\u00e3o importantes reposit\u00f3rios de biodiversidade e barreiras contra o avan\u00e7o das altera\u00e7\u00f5es clim\u00e1ticas, devido \u00e0 sua elevada capacidade de sequestro de carbono, a cumula\u00e7\u00e3o de mat\u00e9ria org\u00e2nica e \u00e1gua no solo, resist\u00eancia a fogos florestais (enormes emissores de CO2), entre outros.<\/p><p>A valoriza\u00e7\u00e3o da bolota como um alimento sustent\u00e1vel de baixa pegada ecol\u00f3gica permite uma gest\u00e3o mais eficiente do montado trazendo benef\u00edcios econ\u00f3micos e sociais \u00e0s popula\u00e7\u00f5es que vivem nestas regi\u00f5es. Contudo, implicar\u00e1 o desenvolvimento de solu\u00e7\u00f5es log\u00edsticas, t\u00e9cnicas e de mercado inovadoras, alcan\u00e7\u00e1veis atrav\u00e9s de um cons\u00f3rcio entre a LandraTech, empresa de base tecnol\u00f3gica que trabalha na valoriza\u00e7\u00e3o da bolota da nossa floresta end\u00e9mica e o CATAA.<\/p><p>O projeto permitir\u00e1 otimizar o processamento de bolota em suced\u00e2neos sol\u00faveis de caf\u00e9 \u00e0 escala piloto\/semi-industrial com vista ao desenvolvimento de suced\u00e2neos de caf\u00e9 sol\u00faveis e\/ou encapsul\u00e1veis, selecionando tecnologias de elevada efici\u00eancia e reduzido impacto ambiental.<\/p>\t\t\t\t\t\t\t\t<\/div>\n\t\t\t\t<\/div>\n\t\t\t\t<\/div>\n\t\t\t\t<\/div>\n\t\t\t\t<\/div>\n\t\t","protected":false},"excerpt":{"rendered":"<p>EM CURSOCodigo do projeto: PL24-00153Regi\u00e3o de interven\u00e7\u00e3o:\u00a0Centro\u00a0\u00a0\u00a0Entidades benefici\u00e1rias: CATAA \u2013 Associa\u00e7\u00e3o Centro de [&hellip;]<\/p>\n","protected":false},"author":8,"featured_media":0,"parent":0,"menu_order":0,"comment_status":"closed","ping_status":"closed","template":"","meta":{"_eb_attr":"","_themeisle_gutenberg_block_has_review":false,"footnotes":""},"class_list":["post-17066","page","type-page","status-publish","hentry"],"_links":{"self":[{"href":"https:\/\/www.cataa.pt\/index.php?rest_route=\/wp\/v2\/pages\/17066","targetHints":{"allow":["GET"]}}],"collection":[{"href":"https:\/\/www.cataa.pt\/index.php?rest_route=\/wp\/v2\/pages"}],"about":[{"href":"https:\/\/www.cataa.pt\/index.php?rest_route=\/wp\/v2\/types\/page"}],"author":[{"embeddable":true,"href":"https:\/\/www.cataa.pt\/index.php?rest_route=\/wp\/v2\/users\/8"}],"replies":[{"embeddable":true,"href":"https:\/\/www.cataa.pt\/index.php?rest_route=%2Fwp%2Fv2%2Fcomments&post=17066"}],"version-history":[{"count":13,"href":"https:\/\/www.cataa.pt\/index.php?rest_route=\/wp\/v2\/pages\/17066\/revisions"}],"predecessor-version":[{"id":17282,"href":"https:\/\/www.cataa.pt\/index.php?rest_route=\/wp\/v2\/pages\/17066\/revisions\/17282"}],"wp:attachment":[{"href":"https:\/\/www.cataa.pt\/index.php?rest_route=%2Fwp%2Fv2%2Fmedia&parent=17066"}],"curies":[{"name":"wp","href":"https:\/\/api.w.org\/{rel}","templated":true}]}}