{"id":17092,"date":"2025-10-03T08:13:42","date_gmt":"2025-10-03T08:13:42","guid":{"rendered":"https:\/\/www.cataa.pt\/?page_id=17092"},"modified":"2026-03-06T16:40:13","modified_gmt":"2026-03-06T16:40:13","slug":"tic-bioin","status":"publish","type":"page","link":"https:\/\/www.cataa.pt\/?page_id=17092","title":{"rendered":"TIC BioIN"},"content":{"rendered":"\t\t<div data-elementor-type=\"wp-page\" data-elementor-id=\"17092\" class=\"elementor elementor-17092\" data-elementor-post-type=\"page\">\n\t\t\t\t<div class=\"elementor-element elementor-element-a4ba385 e-flex e-con-boxed e-con e-parent\" data-id=\"a4ba385\" data-element_type=\"container\" data-e-type=\"container\">\n\t\t\t\t\t<div class=\"e-con-inner\">\n\t\t<div class=\"elementor-element elementor-element-a7287c5 e-con-full e-flex e-con e-child\" data-id=\"a7287c5\" data-element_type=\"container\" data-e-type=\"container\">\n\t\t\t\t<div class=\"elementor-element elementor-element-d7c86b8 elementor-widget elementor-widget-text-editor\" data-id=\"d7c86b8\" data-element_type=\"widget\" data-e-type=\"widget\" data-widget_type=\"text-editor.default\">\n\t\t\t\t<div class=\"elementor-widget-container\">\n\t\t\t\t\t\t\t\t\t<h5>\u00a0<\/h5><p><img decoding=\"async\" class=\"alignnone size-medium wp-image-17425\" src=\"http:\/\/www.cataa.pt\/wp-content\/uploads\/2026\/03\/Imagem1-300x70.png\" alt=\"\" width=\"300\" height=\"70\" srcset=\"\/wp-content\/uploads\/2026\/03\/Imagem1-300x70.png 300w, \/wp-content\/uploads\/2026\/03\/Imagem1.png 507w\" sizes=\"(max-width: 300px) 100vw, 300px\" \/><\/p><h5>EM CURSO<\/h5><p><strong>C\u00f3digo do projeto<\/strong>: COMPETE2030-FEDER-01459800<\/p><p><strong>Regi\u00e3o de interven\u00e7\u00e3o:\u00a0<\/strong>Norte, Centro, Alentejo<\/p><p><strong>Entidades benefici\u00e1rias:<\/strong> CATAA \u2013 Associa\u00e7\u00e3o Centro de Apoio Tecnol\u00f3gico Agro-Alimentar de Castelo Branco, Associa\u00e7\u00e3o Blc3 &#8211; Campus de Tecnologia e Inova\u00e7\u00e3o, Cecolab Associa\u00e7\u00e3o Cecolab &#8211; Collaborative Laboratory Towards Circular Economy, Cebal Centro de Biotecnologia Agr\u00edcola e Agro-Alimentar do Alentejo \u2013 Cebal, F4S Food4Sustainability &#8211; Associa\u00e7\u00e3o para a Inova\u00e7\u00e3o no Alimento Sustent\u00e1vel, TVT Tagusvalley &#8211; Associa\u00e7\u00e3o para a Promo\u00e7\u00e3o e Desenvolvimento do Tecnop\u00f3lo do Vale do Tejo<\/p><p><strong>Data de in\u00edcio:\u00a0<\/strong>01\/01\/2025<\/p><p><strong>Data de conclus\u00e3o:\u00a0<\/strong>31\/12\/2026<\/p><p><strong>Investimento CATAA:\u00a0<\/strong>124 531,86 \u20ac<\/p><p><strong>Investimento Total:<\/strong>\u00a0792\u00a0778,30 \u20ac<\/p><p><strong>Apoio financeiro da Uni\u00e3o Europeia:<\/strong> 673 861,51 \u20ac<\/p>\t\t\t\t\t\t\t\t<\/div>\n\t\t\t\t<\/div>\n\t\t\t\t<\/div>\n\t\t<div class=\"elementor-element elementor-element-8c90a91 e-con-full e-flex e-con e-child\" data-id=\"8c90a91\" data-element_type=\"container\" data-e-type=\"container\">\n\t\t\t\t<div class=\"elementor-element elementor-element-e9f10f1 elementor-widget elementor-widget-text-editor\" data-id=\"e9f10f1\" data-element_type=\"widget\" data-e-type=\"widget\" data-widget_type=\"text-editor.default\">\n\t\t\t\t<div class=\"elementor-widget-container\">\n\t\t\t\t\t\t\t\t\t<p>cofinanciado por: <br \/><a href=\"https:\/\/www.compete2030.gov.pt\/\"><img decoding=\"async\" class=\"alignnone wp-image-17175 size-medium\" src=\"http:\/\/www.cataa.pt\/wp-content\/uploads\/2025\/10\/BarraAssinaturas_RGBCor-300x31.png\" alt=\"\" width=\"300\" height=\"31\" srcset=\"\/wp-content\/uploads\/2025\/10\/BarraAssinaturas_RGBCor-300x31.png 300w, \/wp-content\/uploads\/2025\/10\/BarraAssinaturas_RGBCor-1024x106.png 1024w, \/wp-content\/uploads\/2025\/10\/BarraAssinaturas_RGBCor-768x80.png 768w, \/wp-content\/uploads\/2025\/10\/BarraAssinaturas_RGBCor-1536x159.png 1536w, \/wp-content\/uploads\/2025\/10\/BarraAssinaturas_RGBCor-2048x213.png 2048w\" sizes=\"(max-width: 300px) 100vw, 300px\" \/><\/a><\/p>\t\t\t\t\t\t\t\t<\/div>\n\t\t\t\t<\/div>\n\t\t\t\t<div class=\"elementor-element elementor-element-a0e4d1f elementor-widget__width-initial elementor-widget elementor-widget-heading\" data-id=\"a0e4d1f\" data-element_type=\"widget\" data-e-type=\"widget\" data-widget_type=\"heading.default\">\n\t\t\t\t<div class=\"elementor-widget-container\">\n\t\t\t\t\t<h2 class=\"elementor-heading-title elementor-size-default\"><span style=\"font-size: 19px\">TIC BioIN:  <\/span><span style=\"font-size: 19px\">Transfer\u00eancia de inova\u00e7\u00e3o e conhecimento para o desenvolvimento da Bioeconomia no Interior<\/span><\/h2>\t\t\t\t<\/div>\n\t\t\t\t<\/div>\n\t\t\t\t<div class=\"elementor-element elementor-element-e83d9fa elementor-widget__width-initial elementor-widget elementor-widget-text-editor\" data-id=\"e83d9fa\" data-element_type=\"widget\" data-e-type=\"widget\" data-widget_type=\"text-editor.default\">\n\t\t\t\t<div class=\"elementor-widget-container\">\n\t\t\t\t\t\t\t\t\t<p>\u00a0<\/p><p class=\"MsoNormal\">TIC BioIN tem como principal objetivo ser uma iniciativa de intera\u00e7\u00e3o e transfer\u00eancia de conhecimento para a valoriza\u00e7\u00e3o da bioeconomia na regi\u00e3o interior, em rede.<\/p><p class=\"MsoNormal\">O projeto est\u00e1 estruturado em quatro atividades ao longo de 24 meses (tr\u00eas verticais e uma transversal):<\/p><ul style=\"margin-top: 0cm;\" type=\"disc\"><li class=\"MsoNormal\"><b>A1 \u2013 BioDemo TST<\/b>, orientada para a demonstra\u00e7\u00e3o de conhecimento e tecnologia;<\/li><li class=\"MsoNormal\"><b>A2 \u2013 Go Market BioPi<\/b>, dedicada \u00e0 valoriza\u00e7\u00e3o, transfer\u00eancia e explora\u00e7\u00e3o comercial da propriedade intelectual e de ideias inovadoras;<\/li><li class=\"MsoNormal\"><b>A3 \u2013 CoopBioin<\/b>, focada no refor\u00e7o de iniciativas de coopera\u00e7\u00e3o empresarial em Investiga\u00e7\u00e3o &amp; Inova\u00e7\u00e3o (I&amp;I);<\/li><li class=\"MsoNormal\"><b>A4 (transversal) \u2013 Bio IN\/OUT<\/b>, concebida para a promo\u00e7\u00e3o, dissemina\u00e7\u00e3o e ampla difus\u00e3o dos resultados, incluindo a cria\u00e7\u00e3o de novos canais de informa\u00e7\u00e3o de acesso livre.<\/li><\/ul><p>\u00a0<\/p><p class=\"MsoNormal\">TIC BioIN representa um cons\u00f3rcio s\u00f3lido e com experi\u00eancia, de 6 entidades, com resultados de coopera\u00e7\u00e3o m\u00fatua e pr\u00e9via, localizado na regi\u00e3o interior. \u00c9 um ecossistema de inova\u00e7\u00e3o nacional de refer\u00eancia e completo em Bioeconomia (unidade de I&amp;D, CTI, Colabs, Incubadoras, Innovation Hub e Test Bed), com um investimento total eleg\u00edvel de 0,79 M Euros.<\/p>\t\t\t\t\t\t\t\t<\/div>\n\t\t\t\t<\/div>\n\t\t\t\t<\/div>\n\t\t\t\t\t<\/div>\n\t\t\t\t<\/div>\n\t\t\t\t<\/div>\n\t\t","protected":false},"excerpt":{"rendered":"<p>\u00a0EM CURSOC\u00f3digo do projeto: COMPETE2030-FEDER-01459800Regi\u00e3o de interven\u00e7\u00e3o:\u00a0Norte, Centro, AlentejoEntidades benefici\u00e1rias: CATAA \u2013 Associa\u00e7\u00e3o [&hellip;]<\/p>\n","protected":false},"author":8,"featured_media":0,"parent":0,"menu_order":0,"comment_status":"closed","ping_status":"closed","template":"","meta":{"_eb_attr":"","_themeisle_gutenberg_block_has_review":false,"footnotes":""},"class_list":["post-17092","page","type-page","status-publish","hentry"],"_links":{"self":[{"href":"https:\/\/www.cataa.pt\/index.php?rest_route=\/wp\/v2\/pages\/17092","targetHints":{"allow":["GET"]}}],"collection":[{"href":"https:\/\/www.cataa.pt\/index.php?rest_route=\/wp\/v2\/pages"}],"about":[{"href":"https:\/\/www.cataa.pt\/index.php?rest_route=\/wp\/v2\/types\/page"}],"author":[{"embeddable":true,"href":"https:\/\/www.cataa.pt\/index.php?rest_route=\/wp\/v2\/users\/8"}],"replies":[{"embeddable":true,"href":"https:\/\/www.cataa.pt\/index.php?rest_route=%2Fwp%2Fv2%2Fcomments&post=17092"}],"version-history":[{"count":17,"href":"https:\/\/www.cataa.pt\/index.php?rest_route=\/wp\/v2\/pages\/17092\/revisions"}],"predecessor-version":[{"id":17431,"href":"https:\/\/www.cataa.pt\/index.php?rest_route=\/wp\/v2\/pages\/17092\/revisions\/17431"}],"wp:attachment":[{"href":"https:\/\/www.cataa.pt\/index.php?rest_route=%2Fwp%2Fv2%2Fmedia&parent=17092"}],"curies":[{"name":"wp","href":"https:\/\/api.w.org\/{rel}","templated":true}]}}