{"id":17105,"date":"2025-10-03T08:21:58","date_gmt":"2025-10-03T08:21:58","guid":{"rendered":"https:\/\/www.cataa.pt\/?page_id=17105"},"modified":"2025-11-25T13:58:04","modified_gmt":"2025-11-25T13:58:04","slug":"cellblue-2","status":"publish","type":"page","link":"https:\/\/www.cataa.pt\/?page_id=17105","title":{"rendered":"CELLBLUE"},"content":{"rendered":"\t\t<div data-elementor-type=\"wp-page\" data-elementor-id=\"17105\" class=\"elementor elementor-17105\" data-elementor-post-type=\"page\">\n\t\t\t\t<div class=\"elementor-element elementor-element-cd32016 e-flex e-con-boxed e-con e-parent\" data-id=\"cd32016\" data-element_type=\"container\" data-e-type=\"container\">\n\t\t\t\t\t<div class=\"e-con-inner\">\n\t\t<div class=\"elementor-element elementor-element-1107ea9 e-con-full e-flex e-con e-child\" data-id=\"1107ea9\" data-element_type=\"container\" data-e-type=\"container\">\n\t\t\t\t<div class=\"elementor-element elementor-element-0bc7ec4 elementor-widget__width-initial elementor-widget elementor-widget-heading\" data-id=\"0bc7ec4\" data-element_type=\"widget\" data-e-type=\"widget\" data-widget_type=\"heading.default\">\n\t\t\t\t<div class=\"elementor-widget-container\">\n\t\t\t\t\t<h2 class=\"elementor-heading-title elementor-size-default\"><span style=\"font-size: 19px\">CELLBLUE:  <\/span><span style=\"font-size: 19px\">Alimentos do Futuro atrav\u00e9s da Biotecnologia Azul Celular<\/span><\/h2>\t\t\t\t<\/div>\n\t\t\t\t<\/div>\n\t\t\t\t<div class=\"elementor-element elementor-element-4753bd5 elementor-widget__width-initial elementor-widget elementor-widget-text-editor\" data-id=\"4753bd5\" data-element_type=\"widget\" data-e-type=\"widget\" data-widget_type=\"text-editor.default\">\n\t\t\t\t<div class=\"elementor-widget-container\">\n\t\t\t\t\t\t\t\t\t<h5><img decoding=\"async\" class=\"alignnone wp-image-17109\" src=\"http:\/\/www.cataa.pt\/wp-content\/uploads\/2025\/10\/LOGO_CELLBLUE-300x125.png\" alt=\"\" width=\"257\" height=\"107\" \/><\/h5><h5>EM CURSO<\/h5><p><strong>Codigo do projeto<\/strong>: COMPETE2030-FEDER-02216200<\/p><p><strong>Regi\u00e3o de interven\u00e7\u00e3o:\u00a0<\/strong>PITD<\/p><p><strong>Entidades benefici\u00e1rias:<\/strong> CATAA \u2013 Associa\u00e7\u00e3o Centro de Apoio Tecnol\u00f3gico Agro-Alimentar de Castelo Branco, Cell4Food &#8211; Cellular Culture, S.A, Associa\u00e7\u00e3o Colab4Food \u2013 Laborat\u00f3rio Colaborativo Para a Inova\u00e7\u00e3o da Ind\u00fastria Agroalimentar, Universidade Cat\u00f3lica Portuguesa, Sense Test &#8211; Sociedade de Estudos de An\u00e1lise Sensorial a Produtos Alimentares, LDA<\/p><p><strong>Data de in\u00edcio:\u00a0<\/strong>01\/07\/2025<\/p><p><strong>Data de conclus\u00e3o:\u00a0<\/strong>30\/06\/2028<\/p><p><strong>Investimento CATAA:\u00a0<\/strong>271 504,32 \u20ac<\/p><p><strong>Investimento Total:<\/strong>\u00a01 496 110,24 \u20ac<\/p><p><strong>Apoio financeiro da Uni\u00e3o Europeia:<\/strong> 1 209 869,84 \u20ac<\/p><p>\u00a0<\/p>\t\t\t\t\t\t\t\t<\/div>\n\t\t\t\t<\/div>\n\t\t\t\t<div class=\"elementor-element elementor-element-6f55a1d elementor-widget elementor-widget-text-editor\" data-id=\"6f55a1d\" data-element_type=\"widget\" data-e-type=\"widget\" data-widget_type=\"text-editor.default\">\n\t\t\t\t<div class=\"elementor-widget-container\">\n\t\t\t\t\t\t\t\t\t<p>cofinanciado por:\u00a0<br \/><a href=\"https:\/\/www.compete2030.gov.pt\/\"><img decoding=\"async\" class=\"alignnone wp-image-17175 size-medium\" src=\"http:\/\/www.cataa.pt\/wp-content\/uploads\/2025\/10\/BarraAssinaturas_RGBCor-300x31.png\" alt=\"\" width=\"300\" height=\"31\" srcset=\"\/wp-content\/uploads\/2025\/10\/BarraAssinaturas_RGBCor-300x31.png 300w, \/wp-content\/uploads\/2025\/10\/BarraAssinaturas_RGBCor-1024x106.png 1024w, \/wp-content\/uploads\/2025\/10\/BarraAssinaturas_RGBCor-768x80.png 768w, \/wp-content\/uploads\/2025\/10\/BarraAssinaturas_RGBCor-1536x159.png 1536w, \/wp-content\/uploads\/2025\/10\/BarraAssinaturas_RGBCor-2048x213.png 2048w\" sizes=\"(max-width: 300px) 100vw, 300px\" \/><\/a><\/p>\t\t\t\t\t\t\t\t<\/div>\n\t\t\t\t<\/div>\n\t\t\t\t<\/div>\n\t\t\t\t\t<\/div>\n\t\t\t\t<\/div>\n\t\t\t\t<\/div>\n\t\t","protected":false},"excerpt":{"rendered":"<p>CELLBLUE: Alimentos do Futuro atrav\u00e9s da Biotecnologia Azul Celular EM CURSOCodigo do projeto: [&hellip;]<\/p>\n","protected":false},"author":8,"featured_media":0,"parent":0,"menu_order":0,"comment_status":"closed","ping_status":"closed","template":"","meta":{"_eb_attr":"","_themeisle_gutenberg_block_has_review":false,"footnotes":""},"class_list":["post-17105","page","type-page","status-publish","hentry"],"_links":{"self":[{"href":"https:\/\/www.cataa.pt\/index.php?rest_route=\/wp\/v2\/pages\/17105","targetHints":{"allow":["GET"]}}],"collection":[{"href":"https:\/\/www.cataa.pt\/index.php?rest_route=\/wp\/v2\/pages"}],"about":[{"href":"https:\/\/www.cataa.pt\/index.php?rest_route=\/wp\/v2\/types\/page"}],"author":[{"embeddable":true,"href":"https:\/\/www.cataa.pt\/index.php?rest_route=\/wp\/v2\/users\/8"}],"replies":[{"embeddable":true,"href":"https:\/\/www.cataa.pt\/index.php?rest_route=%2Fwp%2Fv2%2Fcomments&post=17105"}],"version-history":[{"count":14,"href":"https:\/\/www.cataa.pt\/index.php?rest_route=\/wp\/v2\/pages\/17105\/revisions"}],"predecessor-version":[{"id":17308,"href":"https:\/\/www.cataa.pt\/index.php?rest_route=\/wp\/v2\/pages\/17105\/revisions\/17308"}],"wp:attachment":[{"href":"https:\/\/www.cataa.pt\/index.php?rest_route=%2Fwp%2Fv2%2Fmedia&parent=17105"}],"curies":[{"name":"wp","href":"https:\/\/api.w.org\/{rel}","templated":true}]}}