{"id":17137,"date":"2025-10-03T08:48:05","date_gmt":"2025-10-03T08:48:05","guid":{"rendered":"https:\/\/www.cataa.pt\/?page_id=17137"},"modified":"2025-10-03T08:50:22","modified_gmt":"2025-10-03T08:50:22","slug":"biodimel","status":"publish","type":"page","link":"https:\/\/www.cataa.pt\/?page_id=17137","title":{"rendered":"BIODIMEL"},"content":{"rendered":"\t\t<div data-elementor-type=\"wp-page\" data-elementor-id=\"17137\" class=\"elementor elementor-17137\" data-elementor-post-type=\"page\">\n\t\t\t\t<div class=\"elementor-element elementor-element-3ab2f32 e-flex e-con-boxed e-con e-parent\" data-id=\"3ab2f32\" data-element_type=\"container\" data-e-type=\"container\">\n\t\t\t\t\t<div class=\"e-con-inner\">\n\t\t<div class=\"elementor-element elementor-element-dddef91 e-con-full e-flex e-con e-child\" data-id=\"dddef91\" data-element_type=\"container\" data-e-type=\"container\">\n\t\t\t\t<div class=\"elementor-element elementor-element-ba3c4c7 elementor-widget elementor-widget-text-editor\" data-id=\"ba3c4c7\" data-element_type=\"widget\" data-e-type=\"widget\" data-widget_type=\"text-editor.default\">\n\t\t\t\t<div class=\"elementor-widget-container\">\n\t\t\t\t\t\t\t\t\t<h5>CONCLU\u00cdDO<\/h5><p><strong>Regi\u00e3o de interven\u00e7\u00e3o:\u00a0<\/strong>Centro<\/p><p><strong>Entidades benefici\u00e1rias:<\/strong> CATAA \u2013 Associa\u00e7\u00e3o Centro de Apoio Tecnol\u00f3gico Agro-Alimentar de Castelo Branco, InovCluster, INIAV<\/p><p><strong>Data de in\u00edcio:\u00a0<\/strong>01\/01\/2017<\/p><p><strong>Data de conclus\u00e3o:\u00a0<\/strong>31\/12\/2018<\/p><p><strong>Investimento Total:<\/strong>\u00a0115\u00a0000.00 \u20ac<\/p><p><strong>Apoio financeiro da Uni\u00e3o Europeia:<\/strong> 97\u00a0750.00 \u20ac<\/p>\t\t\t\t\t\t\t\t<\/div>\n\t\t\t\t<\/div>\n\t\t\t\t<\/div>\n\t\t<div class=\"elementor-element elementor-element-3935c7b e-con-full e-flex e-con e-child\" data-id=\"3935c7b\" data-element_type=\"container\" data-e-type=\"container\">\n\t\t\t\t<div class=\"elementor-element elementor-element-696aa76 elementor-widget__width-initial elementor-widget elementor-widget-text-editor\" data-id=\"696aa76\" data-element_type=\"widget\" data-e-type=\"widget\" data-widget_type=\"text-editor.default\">\n\t\t\t\t<div class=\"elementor-widget-container\">\n\t\t\t\t\t\t\t\t\t<p><img decoding=\"async\" class=\"alignnone size-medium wp-image-8721\" src=\"http:\/\/www.cataa.pt\/wp-content\/uploads\/2021\/09\/POCentro_PT2020_FEDER_Bom-300x45.jpg\" alt=\"\" width=\"300\" height=\"45\" srcset=\"\/wp-content\/uploads\/2021\/09\/POCentro_PT2020_FEDER_Bom-300x45.jpg 300w, \/wp-content\/uploads\/2021\/09\/POCentro_PT2020_FEDER_Bom-1024x155.jpg 1024w, \/wp-content\/uploads\/2021\/09\/POCentro_PT2020_FEDER_Bom-768x116.jpg 768w, \/wp-content\/uploads\/2021\/09\/POCentro_PT2020_FEDER_Bom-1536x232.jpg 1536w, \/wp-content\/uploads\/2021\/09\/POCentro_PT2020_FEDER_Bom-600x91.jpg 600w, \/wp-content\/uploads\/2021\/09\/POCentro_PT2020_FEDER_Bom.jpg 1775w\" sizes=\"(max-width: 300px) 100vw, 300px\" \/><br \/><br \/><\/p>\t\t\t\t\t\t\t\t<\/div>\n\t\t\t\t<\/div>\n\t\t\t\t<div class=\"elementor-element elementor-element-e773ea6 elementor-widget__width-initial elementor-widget elementor-widget-heading\" data-id=\"e773ea6\" data-element_type=\"widget\" data-e-type=\"widget\" data-widget_type=\"heading.default\">\n\t\t\t\t<div class=\"elementor-widget-container\">\n\t\t\t\t\t<h2 class=\"elementor-heading-title elementor-size-default\"><span style=\"font-size: 19px\">BIODIMEL:  <\/span><span style=\"font-size: 19px\">Biodiversidade da flora silvestre promovida pela apicultura<\/span><\/h2>\t\t\t\t<\/div>\n\t\t\t\t<\/div>\n\t\t\t\t<div class=\"elementor-element elementor-element-0482a87 elementor-widget__width-initial elementor-widget elementor-widget-text-editor\" data-id=\"0482a87\" data-element_type=\"widget\" data-e-type=\"widget\" data-widget_type=\"text-editor.default\">\n\t\t\t\t<div class=\"elementor-widget-container\">\n\t\t\t\t\t\t\t\t\t<p>\u00a0<\/p><p><span style=\"font-size: 12.0pt; line-height: 115%; font-family: 'Aptos',sans-serif; mso-ascii-theme-font: minor-latin; mso-fareast-font-family: Aptos; mso-fareast-theme-font: minor-latin; mso-hansi-theme-font: minor-latin; mso-bidi-font-family: 'Times New Roman'; mso-bidi-theme-font: minor-bidi; mso-ansi-language: PT; mso-fareast-language: EN-US; mso-bidi-language: AR-SA; mso-bidi-font-weight: bold;\">Valoriza\u00e7\u00e3o do mel portugu\u00eas atrav\u00e9s da carateriza\u00e7\u00e3o molecular dos compostos respons\u00e1veis pela sua atividade biol\u00f3gica antioxidante, antimicrobiana e viral, incrementando a sua produ\u00e7\u00e3o e desse modo aumentando a presen\u00e7a de insetos polinizadores e consequentemente a flora regional assegurando a biodiversidade de esp\u00e9cies silvestres garantindo a sustentabilidade da fileira.<\/span><\/p>\t\t\t\t\t\t\t\t<\/div>\n\t\t\t\t<\/div>\n\t\t\t\t<\/div>\n\t\t\t\t\t<\/div>\n\t\t\t\t<\/div>\n\t\t\t\t<\/div>\n\t\t","protected":false},"excerpt":{"rendered":"<p>CONCLU\u00cdDORegi\u00e3o de interven\u00e7\u00e3o:\u00a0CentroEntidades benefici\u00e1rias: CATAA \u2013 Associa\u00e7\u00e3o Centro de Apoio Tecnol\u00f3gico Agro-Alimentar de [&hellip;]<\/p>\n","protected":false},"author":8,"featured_media":0,"parent":0,"menu_order":0,"comment_status":"closed","ping_status":"closed","template":"","meta":{"_eb_attr":"","_themeisle_gutenberg_block_has_review":false,"footnotes":""},"class_list":["post-17137","page","type-page","status-publish","hentry"],"_links":{"self":[{"href":"https:\/\/www.cataa.pt\/index.php?rest_route=\/wp\/v2\/pages\/17137","targetHints":{"allow":["GET"]}}],"collection":[{"href":"https:\/\/www.cataa.pt\/index.php?rest_route=\/wp\/v2\/pages"}],"about":[{"href":"https:\/\/www.cataa.pt\/index.php?rest_route=\/wp\/v2\/types\/page"}],"author":[{"embeddable":true,"href":"https:\/\/www.cataa.pt\/index.php?rest_route=\/wp\/v2\/users\/8"}],"replies":[{"embeddable":true,"href":"https:\/\/www.cataa.pt\/index.php?rest_route=%2Fwp%2Fv2%2Fcomments&post=17137"}],"version-history":[{"count":5,"href":"https:\/\/www.cataa.pt\/index.php?rest_route=\/wp\/v2\/pages\/17137\/revisions"}],"predecessor-version":[{"id":17143,"href":"https:\/\/www.cataa.pt\/index.php?rest_route=\/wp\/v2\/pages\/17137\/revisions\/17143"}],"wp:attachment":[{"href":"https:\/\/www.cataa.pt\/index.php?rest_route=%2Fwp%2Fv2%2Fmedia&parent=17137"}],"curies":[{"name":"wp","href":"https:\/\/api.w.org\/{rel}","templated":true}]}}